{"id":2,"date":"2016-05-10T03:48:21","date_gmt":"2016-05-10T03:48:21","guid":{"rendered":"http:\/\/test.finkler.saarland\/?page_id=2"},"modified":"2023-12-15T09:38:52","modified_gmt":"2023-12-15T09:38:52","slug":"sample-page","status":"publish","type":"page","link":"https:\/\/finkler-it.de\/","title":{"rendered":"Herzlich Willkommen bei Finkler-IT"},"content":{"rendered":"<h3><strong>Herzlich Willkommen bei Finkler-IT <img loading=\"lazy\" class=\"wp-image-166 alignright\" src=\"https:\/\/finkler-it.de\/wp-content\/uploads\/2021\/01\/Finkler-IT-300x300.jpg\" alt=\"\" width=\"314\" height=\"313\" srcset=\"https:\/\/finkler-it.de\/wp-content\/uploads\/2021\/01\/Finkler-IT-300x300.jpg 300w, https:\/\/finkler-it.de\/wp-content\/uploads\/2021\/01\/Finkler-IT-1024x1024.jpg 1024w, https:\/\/finkler-it.de\/wp-content\/uploads\/2021\/01\/Finkler-IT-150x150.jpg 150w, https:\/\/finkler-it.de\/wp-content\/uploads\/2021\/01\/Finkler-IT-768x768.jpg 768w, https:\/\/finkler-it.de\/wp-content\/uploads\/2021\/01\/Finkler-IT-1536x1536.jpg 1536w, https:\/\/finkler-it.de\/wp-content\/uploads\/2021\/01\/Finkler-IT.jpg 1562w\" sizes=\"(max-width: 314px) 100vw, 314px\" \/><br \/><\/strong><\/h3>\n<p>\u00a0<\/p>\n<p style=\"text-align: left;\">Finkler-IT ist ein IT-Dienstleistungsunternehmen mit Sitz im Saarland. Das Unternehmen bietet ma\u00dfgeschneiderte IT-L\u00f6sungen sowohl f\u00fcr kleine und mittelst\u00e4ndische Unternehmen, als auch f\u00fcr Privathaushalte in der Region an. Dazu geh\u00f6ren unter anderem die Planung, Implementierung und Wartung von Netzwerken, die Bereitstellung von Cloud-Services, die Anschaffung von neuer Hardware sowie die Beratung in allen Fragen rund um die IT.<\/p>\n<div class=\"relative flex flex-col gap-1 md:gap-3 lg:w-[calc(100%-115px)]\">\n<div id=\"copy_15019096\" class=\"markdown prose w-full break-words dark:prose-invert dark\">\n<p>Finkler-IT zeichnet sich durch eine hohe Serviceorientierung, Fachkompetenz und Zuverl\u00e4ssigkeit aus. Das Team besteht aus erfahrenen IT-Experten, die \u00fcber fundierte Kenntnisse in den Bereichen Netzwerktechnik und IT-Sicherheit verf\u00fcgen.<\/p>\n<p>Das Unternehmen legt gro\u00dfen Wert auf eine enge Zusammenarbeit mit seinen Kunden und strebt danach, deren individuelle Anforderungen bestm\u00f6glich zu erf\u00fcllen. Dabei steht die Zufriedenheit der Kunden stets im Mittelpunkt.<\/p>\n<p>Durch seine regionale Verankerung im Saarland ist Finkler-IT in der Lage, schnell und flexibel auf die Bed\u00fcrfnisse seiner Kunden einzugehen. Das Unternehmen engagiert sich auch f\u00fcr den Ausbau der digitalen Infrastruktur in der Region und unterst\u00fctzt lokale Unternehmen dabei, ihre IT-Systeme zu optimieren und zukunftsf\u00e4hig zu gestalten.<\/p>\n<p>Insgesamt ist Finkler-IT ein verl\u00e4sslicher Partner f\u00fcr Unternehmen im Saarland, wenn es um professionelle IT-Dienstleistungen geht.<\/p>\n<\/div>\n<\/div>\n<p>\u00a0<\/p>\n<p style=\"text-align: center;\"><strong>Finkler-IT steht f\u00fcr Flexibilit\u00e4t, Schnelligkeit und Zuverl\u00e4ssigkeit.<br \/><\/strong><\/p>\n<p>\u00a0<\/p>\n<p>\u00a0<\/p>\n\n\n<p><\/p>\n","protected":false},"excerpt":{"rendered":"<p>Herzlich Willkommen bei Finkler-IT \u00a0 Finkler-IT ist ein IT-Dienstleistungsunternehmen mit Sitz im Saarland. Das Unternehmen bietet ma\u00dfgeschneiderte IT-L\u00f6sungen sowohl f\u00fcr kleine und mittelst\u00e4ndische Unternehmen, als auch f\u00fcr Privathaushalte in der Region an. Dazu geh\u00f6ren unter anderem die Planung, Implementierung und Wartung von Netzwerken, die Bereitstellung von Cloud-Services, die Anschaffung von neuer Hardware sowie die Beratung<\/p>\n","protected":false},"author":1,"featured_media":0,"parent":0,"menu_order":0,"comment_status":"closed","ping_status":"open","template":"","meta":[],"_links":{"self":[{"href":"https:\/\/finkler-it.de\/index.php?rest_route=\/wp\/v2\/pages\/2"}],"collection":[{"href":"https:\/\/finkler-it.de\/index.php?rest_route=\/wp\/v2\/pages"}],"about":[{"href":"https:\/\/finkler-it.de\/index.php?rest_route=\/wp\/v2\/types\/page"}],"author":[{"embeddable":true,"href":"https:\/\/finkler-it.de\/index.php?rest_route=\/wp\/v2\/users\/1"}],"replies":[{"embeddable":true,"href":"https:\/\/finkler-it.de\/index.php?rest_route=%2Fwp%2Fv2%2Fcomments&post=2"}],"version-history":[{"count":19,"href":"https:\/\/finkler-it.de\/index.php?rest_route=\/wp\/v2\/pages\/2\/revisions"}],"predecessor-version":[{"id":217,"href":"https:\/\/finkler-it.de\/index.php?rest_route=\/wp\/v2\/pages\/2\/revisions\/217"}],"wp:attachment":[{"href":"https:\/\/finkler-it.de\/index.php?rest_route=%2Fwp%2Fv2%2Fmedia&parent=2"}],"curies":[{"name":"wp","href":"https:\/\/api.w.org\/{rel}","templated":true}]}}