{"id":135,"date":"2021-01-10T23:15:32","date_gmt":"2021-01-10T23:15:32","guid":{"rendered":"https:\/\/finkler-it.de\/?page_id=135"},"modified":"2021-03-17T16:05:51","modified_gmt":"2021-03-17T16:05:51","slug":"leistungen","status":"publish","type":"page","link":"https:\/\/finkler-it.de\/?page_id=135","title":{"rendered":"Leistungen"},"content":{"rendered":"\n<p style=\"font-size:19px\">Damit Sie nicht Ihre kostbare Zeit aufbringen m\u00fcssen, Ihre EDV-Probleme zu l\u00f6sen oder Prozessoptimierungen auszut\u00fcfteln und Ihr System zu administrieren und warten, stellen wir Ihnen eine Reihe von Dienstleistungen dar.<\/p>\n\n\n\n<p><strong>Unsere Leistungen:<\/strong><\/p>\n\n\n\n<ul><li>Verkauf von Hardware, Software und Zubeh\u00f6r<\/li><li>Daten- und Systemsicherung<\/li><li>Verkauf und Einrichtung von Antivirenprogrammen<\/li><li>Betreuung und Wartung Ihrer Server \/ Client und Netzwerk Infrastruktur<\/li><li>Reparaturen und Optimierungen<\/li><\/ul>\n","protected":false},"excerpt":{"rendered":"<p>Damit Sie nicht Ihre kostbare Zeit aufbringen m\u00fcssen, Ihre EDV-Probleme zu l\u00f6sen oder Prozessoptimierungen auszut\u00fcfteln und Ihr System zu administrieren und warten, stellen wir Ihnen eine Reihe von Dienstleistungen dar. Unsere Leistungen: Verkauf von Hardware, Software und Zubeh\u00f6r Daten- und Systemsicherung Verkauf und Einrichtung von Antivirenprogrammen Betreuung und Wartung Ihrer Server \/ Client und Netzwerk<\/p>\n","protected":false},"author":1,"featured_media":0,"parent":0,"menu_order":0,"comment_status":"closed","ping_status":"closed","template":"","meta":[],"_links":{"self":[{"href":"https:\/\/finkler-it.de\/index.php?rest_route=\/wp\/v2\/pages\/135"}],"collection":[{"href":"https:\/\/finkler-it.de\/index.php?rest_route=\/wp\/v2\/pages"}],"about":[{"href":"https:\/\/finkler-it.de\/index.php?rest_route=\/wp\/v2\/types\/page"}],"author":[{"embeddable":true,"href":"https:\/\/finkler-it.de\/index.php?rest_route=\/wp\/v2\/users\/1"}],"replies":[{"embeddable":true,"href":"https:\/\/finkler-it.de\/index.php?rest_route=%2Fwp%2Fv2%2Fcomments&post=135"}],"version-history":[{"count":13,"href":"https:\/\/finkler-it.de\/index.php?rest_route=\/wp\/v2\/pages\/135\/revisions"}],"predecessor-version":[{"id":204,"href":"https:\/\/finkler-it.de\/index.php?rest_route=\/wp\/v2\/pages\/135\/revisions\/204"}],"wp:attachment":[{"href":"https:\/\/finkler-it.de\/index.php?rest_route=%2Fwp%2Fv2%2Fmedia&parent=135"}],"curies":[{"name":"wp","href":"https:\/\/api.w.org\/{rel}","templated":true}]}}